{"id":252,"date":"2021-08-08T00:42:24","date_gmt":"2021-08-07T22:42:24","guid":{"rendered":"http:\/\/www.erntespezialist-deutschbauer.at\/?page_id=252"},"modified":"2024-04-27T16:24:39","modified_gmt":"2024-04-27T14:24:39","slug":"pressen","status":"publish","type":"page","link":"http:\/\/www.erntespezialist-deutschbauer.at\/?page_id=252","title":{"rendered":"Pressen"},"content":{"rendered":"\t\t<div data-elementor-type=\"wp-page\" data-elementor-id=\"252\" class=\"elementor elementor-252\" data-elementor-settings=\"[]\">\n\t\t\t\t\t\t\t<div class=\"elementor-section-wrap\">\n\t\t\t\t\t\t\t<section class=\"elementor-section elementor-top-section elementor-element elementor-element-d7a712b elementor-section-full_width elementor-section-height-default elementor-section-height-default\" data-id=\"d7a712b\" data-element_type=\"section\" data-settings=\"{&quot;background_background&quot;:&quot;classic&quot;,&quot;shape_divider_top&quot;:&quot;pyramids&quot;}\">\n\t\t\t\t\t<div class=\"elementor-shape elementor-shape-top\" data-negative=\"false\">\n\t\t\t<svg xmlns=\"http:\/\/www.w3.org\/2000\/svg\" viewBox=\"0 0 1000 100\" preserveAspectRatio=\"none\">\n\t<path class=\"elementor-shape-fill\" d=\"M761.9,44.1L643.1,27.2L333.8,98L0,3.8V0l1000,0v3.9\"\/>\n<\/svg>\t\t<\/div>\n\t\t\t\t\t<div class=\"elementor-container elementor-column-gap-default\">\n\t\t\t\t\t<div class=\"elementor-column elementor-col-50 elementor-top-column elementor-element elementor-element-127f9dd\" data-id=\"127f9dd\" data-element_type=\"column\">\n\t\t\t<div class=\"elementor-widget-wrap elementor-element-populated\">\n\t\t\t\t\t\t\t\t<div class=\"elementor-element elementor-element-110ef11 elementor-widget elementor-widget-image\" data-id=\"110ef11\" data-element_type=\"widget\" data-widget_type=\"image.default\">\n\t\t\t\t<div class=\"elementor-widget-container\">\n\t\t\t\t\t\t\t\t\t\t\t\t\t\t\t\t<a href=\"http:\/\/www.erntespezialist-deutschbauer.at\/\">\n\t\t\t\t\t\t\t<img loading=\"lazy\" decoding=\"async\" width=\"150\" height=\"90\" src=\"http:\/\/www.erntespezialist-deutschbauer.at\/wp-content\/uploads\/2021\/08\/Deutschbauer_Lohnunternehmen_Logo_hoch-2.png\" class=\"attachment-thumbnail size-thumbnail\" alt=\"\" \/>\t\t\t\t\t\t\t\t<\/a>\n\t\t\t\t\t\t\t\t\t\t\t\t\t\t\t<\/div>\n\t\t\t\t<\/div>\n\t\t\t\t\t<\/div>\n\t\t<\/div>\n\t\t\t\t<div class=\"elementor-column elementor-col-50 elementor-top-column elementor-element elementor-element-8f158a9\" data-id=\"8f158a9\" data-element_type=\"column\">\n\t\t\t<div class=\"elementor-widget-wrap elementor-element-populated\">\n\t\t\t\t\t\t\t\t<div class=\"elementor-element elementor-element-e70891c elementor-widget elementor-widget-ekit-nav-menu\" data-id=\"e70891c\" data-element_type=\"widget\" data-widget_type=\"ekit-nav-menu.default\">\n\t\t\t\t<div class=\"elementor-widget-container\">\n\t\t\t<div class=\"ekit-wid-con ekit_menu_responsive_tablet\" data-hamburger-icon=\"\" data-hamburger-icon-type=\"icon\" data-responsive-breakpoint=\"1024\">            <button class=\"elementskit-menu-hamburger elementskit-menu-toggler\">\n                                    <span class=\"elementskit-menu-hamburger-icon\"><\/span><span class=\"elementskit-menu-hamburger-icon\"><\/span><span class=\"elementskit-menu-hamburger-icon\"><\/span>\n                            <\/button>\n            <div id=\"ekit-megamenu-deutschbauer\" class=\"elementskit-menu-container elementskit-menu-offcanvas-elements elementskit-navbar-nav-default elementskit_line_arrow ekit-nav-menu-one-page-no\"><ul id=\"menu-deutschbauer\" class=\"elementskit-navbar-nav elementskit-menu-po-right submenu-click-on-icon\"><li id=\"menu-item-145\" class=\"menu-item menu-item-type-post_type menu-item-object-page menu-item-home menu-item-145 nav-item elementskit-mobile-builder-content\" data-vertical-menu=750px><a href=\"http:\/\/www.erntespezialist-deutschbauer.at\/\" class=\"ekit-menu-nav-link\">\u00dcber uns<\/a><\/li>\n<li id=\"menu-item-150\" class=\"menu-item menu-item-type-post_type menu-item-object-page menu-item-has-children menu-item-150 nav-item elementskit-dropdown-has relative_position elementskit-dropdown-menu-default_width elementskit-mobile-builder-content\" data-vertical-menu=750px><a href=\"http:\/\/www.erntespezialist-deutschbauer.at\/?page_id=140\" class=\"ekit-menu-nav-link ekit-menu-dropdown-toggle\">Unsere Leistungen<i class=\"icon icon-down-arrow1 elementskit-submenu-indicator\"><\/i><\/a>\n<ul class=\"elementskit-dropdown elementskit-submenu-panel\">\n\t<li id=\"menu-item-313\" class=\"menu-item menu-item-type-post_type menu-item-object-page menu-item-313 nav-item elementskit-mobile-builder-content\" data-vertical-menu=750px><a href=\"http:\/\/www.erntespezialist-deutschbauer.at\/?page_id=296\" class=\" dropdown-item\">Lohndrusch<\/a>\t<li id=\"menu-item-251\" class=\"menu-item menu-item-type-post_type menu-item-object-page menu-item-251 nav-item elementskit-mobile-builder-content\" data-vertical-menu=750px><a href=\"http:\/\/www.erntespezialist-deutschbauer.at\/?page_id=217\" class=\" dropdown-item\">H\u00e4ckseln<\/a>\t<li id=\"menu-item-276\" class=\"menu-item menu-item-type-post_type menu-item-object-page menu-item-276 nav-item elementskit-mobile-builder-content\" data-vertical-menu=750px><a href=\"http:\/\/www.erntespezialist-deutschbauer.at\/?page_id=252\" class=\" dropdown-item\">Pressen<\/a>\t<li id=\"menu-item-325\" class=\"menu-item menu-item-type-post_type menu-item-object-page menu-item-325 nav-item elementskit-mobile-builder-content\" data-vertical-menu=750px><a href=\"http:\/\/www.erntespezialist-deutschbauer.at\/?page_id=314\" class=\" dropdown-item\">Silo verdichten<\/a><\/ul>\n<\/li>\n<li id=\"menu-item-159\" class=\"menu-item menu-item-type-post_type menu-item-object-page menu-item-159 nav-item elementskit-mobile-builder-content\" data-vertical-menu=750px><a href=\"http:\/\/www.erntespezialist-deutschbauer.at\/?page_id=151\" class=\"ekit-menu-nav-link\">Geschichte<\/a><\/li>\n<li id=\"menu-item-171\" class=\"menu-item menu-item-type-post_type menu-item-object-page menu-item-171 nav-item elementskit-mobile-builder-content\" data-vertical-menu=750px><a href=\"http:\/\/www.erntespezialist-deutschbauer.at\/?page_id=166\" class=\"ekit-menu-nav-link\">Kontakt<\/a><\/li>\n<li id=\"menu-item-183\" class=\"menu-item menu-item-type-post_type menu-item-object-page menu-item-183 nav-item elementskit-mobile-builder-content\" data-vertical-menu=750px><a href=\"http:\/\/www.erntespezialist-deutschbauer.at\/?page_id=175\" class=\"ekit-menu-nav-link\">Jobs<\/a><\/li>\n<li id=\"menu-item-192\" class=\"menu-item menu-item-type-post_type menu-item-object-page menu-item-192 nav-item elementskit-mobile-builder-content\" data-vertical-menu=750px><a href=\"http:\/\/www.erntespezialist-deutschbauer.at\/?page_id=187\" class=\"ekit-menu-nav-link\">Verk\u00e4ufe<\/a><\/li>\n<\/ul>\n\t\t\t\t<div class=\"elementskit-nav-identity-panel\">\n\t\t\t\t\t<div class=\"elementskit-site-title\">\n\t\t\t\t\t\t<a class=\"elementskit-nav-logo\" href=\"http:\/\/www.erntespezialist-deutschbauer.at\" target=\"_self\" rel=\"\">\n                            <img loading=\"lazy\" decoding=\"async\" width=\"946\" height=\"565\" src=\"http:\/\/www.erntespezialist-deutschbauer.at\/wp-content\/uploads\/2021\/08\/Deutschbauer_Lohnunternehmen_Logo_hoch-2.png\" class=\"attachment-full size-full\" alt=\"\" \/>\n\t\t\t\t\t\t<\/a> \n\t\t\t\t\t<\/div>\n\t\t\t\t\t<button class=\"elementskit-menu-close elementskit-menu-toggler\" type=\"button\">X<\/button>\n\t\t\t\t<\/div>\n\t\t\t<\/div><div class=\"elementskit-menu-overlay elementskit-menu-offcanvas-elements elementskit-menu-toggler ekit-nav-menu--overlay\"><\/div><\/div>\t\t<\/div>\n\t\t\t\t<\/div>\n\t\t\t\t\t<\/div>\n\t\t<\/div>\n\t\t\t\t\t\t\t<\/div>\n\t\t<\/section>\n\t\t\t\t<section class=\"elementor-section elementor-top-section elementor-element elementor-element-98d1a81 elementor-section-boxed elementor-section-height-default elementor-section-height-default\" data-id=\"98d1a81\" data-element_type=\"section\">\n\t\t\t\t\t\t<div class=\"elementor-container elementor-column-gap-default\">\n\t\t\t\t\t<div class=\"elementor-column elementor-col-100 elementor-top-column elementor-element elementor-element-82ab6a8\" data-id=\"82ab6a8\" data-element_type=\"column\">\n\t\t\t<div class=\"elementor-widget-wrap elementor-element-populated\">\n\t\t\t\t\t\t\t\t<div class=\"elementor-element elementor-element-de7e498 elementor-widget elementor-widget-text-editor\" data-id=\"de7e498\" data-element_type=\"widget\" data-widget_type=\"text-editor.default\">\n\t\t\t\t<div class=\"elementor-widget-container\">\n\t\t\t\t\t\t\t\t\t\t\t\t\t\t<\/div>\n\t\t\t\t<\/div>\n\t\t\t\t<div class=\"elementor-element elementor-element-be25d73 elementor-widget elementor-widget-text-editor\" data-id=\"be25d73\" data-element_type=\"widget\" data-widget_type=\"text-editor.default\">\n\t\t\t\t<div class=\"elementor-widget-container\">\n\t\t\t\t\t\t\t\t<p>Mit dem Lohndrusch begann Willi im Burgenland. Mittlerweile k\u00f6nnen wir 36 M\u00e4hdrescher verzeichnen. Es werden jedes Jahr einige M\u00e4hdrescher ge- und verkauft. Einige M\u00e4hdrescher scheiden aufgrund h\u00f6herer Gewalt aus unserem Unternehmen aus.<\/p><p>Unsere Druschsaison beginnt im Burgenland. Sie erstreckt sich dann \u00fcbers Marchfeld, Tulln, Stockerau, Mostviertel, M\u00fchlviertel und bis nach Tschechien.<\/p>\t\t\t\t\t\t<\/div>\n\t\t\t\t<\/div>\n\t\t\t\t\t<\/div>\n\t\t<\/div>\n\t\t\t\t\t\t\t<\/div>\n\t\t<\/section>\n\t\t\t\t<section class=\"elementor-section elementor-top-section elementor-element elementor-element-dad4dd3 elementor-section-boxed elementor-section-height-default elementor-section-height-default\" data-id=\"dad4dd3\" data-element_type=\"section\">\n\t\t\t\t\t\t<div class=\"elementor-container elementor-column-gap-default\">\n\t\t\t\t\t<div class=\"elementor-column elementor-col-100 elementor-top-column elementor-element elementor-element-396b56b\" data-id=\"396b56b\" data-element_type=\"column\">\n\t\t\t<div class=\"elementor-widget-wrap elementor-element-populated\">\n\t\t\t\t\t\t\t\t<div class=\"elementor-element elementor-element-8f789cd elementor-widget elementor-widget-text-editor\" data-id=\"8f789cd\" data-element_type=\"widget\" data-widget_type=\"text-editor.default\">\n\t\t\t\t<div class=\"elementor-widget-container\">\n\t\t\t\t\t\t\t\t<ul style=\"font-size: 22px; background-color: #ffffff; color: #000000;\"><li style=\"font-size: 22px;\"><span style=\"font-weight: bolder;\">Rundballenpressen<\/span><br \/>\u2022 von Heu, Gras und Stroh<\/li><li style=\"font-size: 22px;\"><span style=\"font-weight: bolder;\">Quaderballenpresse<\/span><br \/>\u2022 f\u00fcr perfektes Stroh<br \/>\u2022 geschnitte mit bis zu 51 Messer oder<br \/>\u2022 mit Vorbauh\u00e4cksler geh\u00e4ckselt<\/li><\/ul>\t\t\t\t\t\t<\/div>\n\t\t\t\t<\/div>\n\t\t\t\t\t<\/div>\n\t\t<\/div>\n\t\t\t\t\t\t\t<\/div>\n\t\t<\/section>\n\t\t\t\t<section class=\"elementor-section elementor-top-section elementor-element elementor-element-1835419 elementor-section-boxed elementor-section-height-default elementor-section-height-default\" data-id=\"1835419\" data-element_type=\"section\">\n\t\t\t\t\t\t<div class=\"elementor-container elementor-column-gap-default\">\n\t\t\t\t\t<div class=\"elementor-column elementor-col-50 elementor-top-column elementor-element elementor-element-55725f2\" data-id=\"55725f2\" data-element_type=\"column\">\n\t\t\t<div class=\"elementor-widget-wrap elementor-element-populated\">\n\t\t\t\t\t\t\t\t<div class=\"elementor-element elementor-element-4716e73 elementor-widget elementor-widget-heading\" data-id=\"4716e73\" data-element_type=\"widget\" data-widget_type=\"heading.default\">\n\t\t\t\t<div class=\"elementor-widget-container\">\n\t\t\t<h2 class=\"elementor-heading-title elementor-size-default\">Quaderpressen<\/h2>\t\t<\/div>\n\t\t\t\t<\/div>\n\t\t\t\t\t<\/div>\n\t\t<\/div>\n\t\t\t\t<div class=\"elementor-column elementor-col-50 elementor-top-column elementor-element elementor-element-8fdb6b8\" data-id=\"8fdb6b8\" data-element_type=\"column\">\n\t\t\t<div class=\"elementor-widget-wrap\">\n\t\t\t\t\t\t\t\t\t<\/div>\n\t\t<\/div>\n\t\t\t\t\t\t\t<\/div>\n\t\t<\/section>\n\t\t\t\t<section class=\"elementor-section elementor-top-section elementor-element elementor-element-dadfec7 elementor-section-boxed elementor-section-height-default elementor-section-height-default\" data-id=\"dadfec7\" data-element_type=\"section\">\n\t\t\t\t\t\t<div class=\"elementor-container elementor-column-gap-default\">\n\t\t\t\t\t<div class=\"elementor-column elementor-col-100 elementor-top-column elementor-element elementor-element-b028a99\" data-id=\"b028a99\" data-element_type=\"column\">\n\t\t\t<div class=\"elementor-widget-wrap elementor-element-populated\">\n\t\t\t\t\t\t\t\t<div class=\"elementor-element elementor-element-855471d elementor-arrows-position-outside elementor-pagination-position-outside elementor-widget elementor-widget-image-carousel\" data-id=\"855471d\" data-element_type=\"widget\" data-settings=\"{&quot;navigation&quot;:&quot;both&quot;,&quot;autoplay&quot;:&quot;yes&quot;,&quot;pause_on_hover&quot;:&quot;yes&quot;,&quot;pause_on_interaction&quot;:&quot;yes&quot;,&quot;autoplay_speed&quot;:5000,&quot;infinite&quot;:&quot;yes&quot;,&quot;speed&quot;:500}\" data-widget_type=\"image-carousel.default\">\n\t\t\t\t<div class=\"elementor-widget-container\">\n\t\t\t\t\t<div class=\"elementor-image-carousel-wrapper swiper-container\" dir=\"ltr\">\n\t\t\t<div class=\"elementor-image-carousel swiper-wrapper\">\n\t\t\t\t<div class=\"swiper-slide\"><figure class=\"swiper-slide-inner\"><img decoding=\"async\" class=\"swiper-slide-image\" src=\"http:\/\/www.erntespezialist-deutschbauer.at\/wp-content\/uploads\/elementor\/thumbs\/db2d920f-a23a-4459-8e44-a1285d24349e-pbaax1zoo9b5g285zuqf2ncok1o56nf5ju94c4121s.jpg\" alt=\"db2d920f-a23a-4459-8e44-a1285d24349e\" \/><\/figure><\/div><div class=\"swiper-slide\"><figure class=\"swiper-slide-inner\"><img decoding=\"async\" class=\"swiper-slide-image\" src=\"http:\/\/www.erntespezialist-deutschbauer.at\/wp-content\/uploads\/elementor\/thumbs\/IMG_0802-scaled-pbaax7mpt9ivdpzz2x66hlxg4cwcgu1jkm617rsp0g.jpg\" alt=\"IMG_0802\" \/><\/figure><\/div><div class=\"swiper-slide\"><figure class=\"swiper-slide-inner\"><img decoding=\"async\" class=\"swiper-slide-image\" src=\"http:\/\/www.erntespezialist-deutschbauer.at\/wp-content\/uploads\/elementor\/thumbs\/IMG_1032-scaled-pbaaxg39iruga7nopittm1slgtqne3z4ls1ej9g5gg.jpg\" alt=\"IMG_1032\" \/><\/figure><\/div><div class=\"swiper-slide\"><figure class=\"swiper-slide-inner\"><img decoding=\"async\" class=\"swiper-slide-image\" src=\"http:\/\/www.erntespezialist-deutschbauer.at\/wp-content\/uploads\/elementor\/thumbs\/IMG_2220-scaled-pbaaxnlz1g4qv3crhm2u5zwa7wpl3oszat9adh502o.jpg\" alt=\"IMG_2220\" \/><\/figure><\/div><div class=\"swiper-slide\"><figure class=\"swiper-slide-inner\"><img decoding=\"async\" class=\"swiper-slide-image\" src=\"http:\/\/www.erntespezialist-deutschbauer.at\/wp-content\/uploads\/elementor\/thumbs\/IMG_4676-scaled-pbaaxw2iqygbrl0h47qhafrfkdjw0yqkbz4noysgio.jpg\" alt=\"IMG_4676\" \/><\/figure><\/div><div class=\"swiper-slide\"><figure class=\"swiper-slide-inner\"><img decoding=\"async\" class=\"swiper-slide-image\" src=\"http:\/\/www.erntespezialist-deutschbauer.at\/wp-content\/uploads\/elementor\/thumbs\/IMG_4677-scaled-pbaay4j2ggrwo2o6qte4evmkwue6y8o5d5010gfwyo.jpg\" alt=\"IMG_4677\" \/><\/figure><\/div><div class=\"swiper-slide\"><figure class=\"swiper-slide-inner\"><img decoding=\"async\" class=\"swiper-slide-image\" src=\"http:\/\/www.erntespezialist-deutschbauer.at\/wp-content\/uploads\/elementor\/thumbs\/IMG_20200628_162140-scaled-pbaayhot459x6m52lz2wdsb188lby04e2y4tqbwejk.jpg\" alt=\"IMG_20200628_162140\" \/><\/figure><\/div>\t\t\t<\/div>\n\t\t\t\t\t\t\t\t\t\t\t\t<div class=\"swiper-pagination\"><\/div>\n\t\t\t\t\t\t\t\t\t\t\t\t\t<div class=\"elementor-swiper-button elementor-swiper-button-prev\">\n\t\t\t\t\t\t<i class=\"eicon-chevron-left\" aria-hidden=\"true\"><\/i>\n\t\t\t\t\t\t<span class=\"elementor-screen-only\">Zur\u00fcck<\/span>\n\t\t\t\t\t<\/div>\n\t\t\t\t\t<div class=\"elementor-swiper-button elementor-swiper-button-next\">\n\t\t\t\t\t\t<i class=\"eicon-chevron-right\" aria-hidden=\"true\"><\/i>\n\t\t\t\t\t\t<span class=\"elementor-screen-only\">Weiter<\/span>\n\t\t\t\t\t<\/div>\n\t\t\t\t\t\t\t\t\t<\/div>\n\t\t\t\t<\/div>\n\t\t\t\t<\/div>\n\t\t\t\t\t<\/div>\n\t\t<\/div>\n\t\t\t\t\t\t\t<\/div>\n\t\t<\/section>\n\t\t\t\t<section class=\"elementor-section elementor-top-section elementor-element elementor-element-cde882e elementor-section-boxed elementor-section-height-default elementor-section-height-default\" data-id=\"cde882e\" data-element_type=\"section\">\n\t\t\t\t\t\t<div class=\"elementor-container elementor-column-gap-default\">\n\t\t\t\t\t<div class=\"elementor-column elementor-col-100 elementor-top-column elementor-element elementor-element-1690229\" data-id=\"1690229\" data-element_type=\"column\">\n\t\t\t<div class=\"elementor-widget-wrap elementor-element-populated\">\n\t\t\t\t\t\t\t\t<div class=\"elementor-element elementor-element-3d1f5d5 elementor-widget elementor-widget-heading\" data-id=\"3d1f5d5\" data-element_type=\"widget\" data-widget_type=\"heading.default\">\n\t\t\t\t<div class=\"elementor-widget-container\">\n\t\t\t<h2 class=\"elementor-heading-title elementor-size-default\">Rundballenpressen<\/h2>\t\t<\/div>\n\t\t\t\t<\/div>\n\t\t\t\t<div class=\"elementor-element elementor-element-7abcf74 elementor-arrows-position-outside elementor-pagination-position-outside elementor-widget elementor-widget-image-carousel\" data-id=\"7abcf74\" data-element_type=\"widget\" data-settings=\"{&quot;navigation&quot;:&quot;both&quot;,&quot;autoplay&quot;:&quot;yes&quot;,&quot;pause_on_hover&quot;:&quot;yes&quot;,&quot;pause_on_interaction&quot;:&quot;yes&quot;,&quot;autoplay_speed&quot;:5000,&quot;infinite&quot;:&quot;yes&quot;,&quot;speed&quot;:500}\" data-widget_type=\"image-carousel.default\">\n\t\t\t\t<div class=\"elementor-widget-container\">\n\t\t\t\t\t<div class=\"elementor-image-carousel-wrapper swiper-container\" dir=\"ltr\">\n\t\t\t<div class=\"elementor-image-carousel swiper-wrapper\">\n\t\t\t\t<div class=\"swiper-slide\"><figure class=\"swiper-slide-inner\"><img decoding=\"async\" class=\"swiper-slide-image\" src=\"http:\/\/www.erntespezialist-deutschbauer.at\/wp-content\/uploads\/elementor\/thumbs\/IMG_20200613_151128-pbab0jy2423knt57kd6fcrkg5ofbu3b6p5o6n6uaw0.jpg\" alt=\"IMG_20200613_151128\" \/><\/figure><\/div><div class=\"swiper-slide\"><figure class=\"swiper-slide-inner\"><img decoding=\"async\" class=\"swiper-slide-image\" src=\"http:\/\/www.erntespezialist-deutschbauer.at\/wp-content\/uploads\/elementor\/thumbs\/IMG_20200613_165426-pbab0jy2423knt57kd6fcrkg5ofbu3b6p5o6n6uaw0.jpg\" alt=\"IMG_20200613_165426\" \/><\/figure><\/div><div class=\"swiper-slide\"><figure class=\"swiper-slide-inner\"><img decoding=\"async\" class=\"swiper-slide-image\" src=\"http:\/\/www.erntespezialist-deutschbauer.at\/wp-content\/uploads\/elementor\/thumbs\/IMG_20200627_155325-pbab0kvwaw4uzf3uevl1x9bwr2ap1sex1abo4gswps.jpg\" alt=\"IMG_20200627_155325\" \/><\/figure><\/div><div class=\"swiper-slide\"><figure class=\"swiper-slide-inner\"><img decoding=\"async\" class=\"swiper-slide-image\" src=\"http:\/\/www.erntespezialist-deutschbauer.at\/wp-content\/uploads\/elementor\/thumbs\/krone_presse-pbab0kvwaw4uzf3uevl1x9bwr2ap1sex1abo4gswps.jpg\" alt=\"krone_presse\" \/><\/figure><\/div><div class=\"swiper-slide\"><figure class=\"swiper-slide-inner\"><img decoding=\"async\" class=\"swiper-slide-image\" src=\"http:\/\/www.erntespezialist-deutschbauer.at\/wp-content\/uploads\/elementor\/thumbs\/rundballen1jpeg-pbab0mrkok7fmn143web28utxu1fh6mdpjmn30q4dc.jpeg\" alt=\"rundballen1jpeg\" \/><\/figure><\/div><div class=\"swiper-slide\"><figure class=\"swiper-slide-inner\"><img decoding=\"async\" class=\"swiper-slide-image\" src=\"http:\/\/www.erntespezialist-deutschbauer.at\/wp-content\/uploads\/elementor\/thumbs\/rundballen2-pbab0on928a09uydsx7k78dr4ls5wktudsxm1knc0w.jpeg\" alt=\"rundballen2\" \/><\/figure><\/div><div class=\"swiper-slide\"><figure class=\"swiper-slide-inner\"><img decoding=\"async\" class=\"swiper-slide-image\" src=\"\" alt=\"\" \/><\/figure><\/div>\t\t\t<\/div>\n\t\t\t\t\t\t\t\t\t\t\t\t<div class=\"swiper-pagination\"><\/div>\n\t\t\t\t\t\t\t\t\t\t\t\t\t<div class=\"elementor-swiper-button elementor-swiper-button-prev\">\n\t\t\t\t\t\t<i class=\"eicon-chevron-left\" aria-hidden=\"true\"><\/i>\n\t\t\t\t\t\t<span class=\"elementor-screen-only\">Zur\u00fcck<\/span>\n\t\t\t\t\t<\/div>\n\t\t\t\t\t<div class=\"elementor-swiper-button elementor-swiper-button-next\">\n\t\t\t\t\t\t<i class=\"eicon-chevron-right\" aria-hidden=\"true\"><\/i>\n\t\t\t\t\t\t<span class=\"elementor-screen-only\">Weiter<\/span>\n\t\t\t\t\t<\/div>\n\t\t\t\t\t\t\t\t\t<\/div>\n\t\t\t\t<\/div>\n\t\t\t\t<\/div>\n\t\t\t\t\t<\/div>\n\t\t<\/div>\n\t\t\t\t\t\t\t<\/div>\n\t\t<\/section>\n\t\t\t\t<section class=\"elementor-section elementor-top-section elementor-element elementor-element-f5ff988 elementor-section-boxed elementor-section-height-default elementor-section-height-default\" data-id=\"f5ff988\" data-element_type=\"section\">\n\t\t\t\t\t\t<div class=\"elementor-container elementor-column-gap-default\">\n\t\t\t\t\t<div class=\"elementor-column elementor-col-100 elementor-top-column elementor-element elementor-element-d23bad5\" data-id=\"d23bad5\" data-element_type=\"column\">\n\t\t\t<div class=\"elementor-widget-wrap elementor-element-populated\">\n\t\t\t\t\t\t\t\t<div class=\"elementor-element elementor-element-2a0bce1 elementor-widget elementor-widget-text-editor\" data-id=\"2a0bce1\" data-element_type=\"widget\" data-widget_type=\"text-editor.default\">\n\t\t\t\t<div class=\"elementor-widget-container\">\n\t\t\t\t\t\t\t\t<p>\u00a0<\/p><p>\u00a0<\/p><p>\u00a0<\/p><p>\u00a0<\/p><p>\u00a0<\/p><p>\u00a0<\/p><p>\u00a0<\/p><p>\u00a0<\/p><p>\u00a0<\/p>\t\t\t\t\t\t<\/div>\n\t\t\t\t<\/div>\n\t\t\t\t\t<\/div>\n\t\t<\/div>\n\t\t\t\t\t\t\t<\/div>\n\t\t<\/section>\n\t\t\t\t<section class=\"elementor-section elementor-top-section elementor-element elementor-element-d0b4348 elementor-section-boxed elementor-section-height-default elementor-section-height-default\" data-id=\"d0b4348\" data-element_type=\"section\" data-settings=\"{&quot;background_background&quot;:&quot;classic&quot;}\">\n\t\t\t\t\t\t<div class=\"elementor-container elementor-column-gap-default\">\n\t\t\t\t\t<div class=\"elementor-column elementor-col-25 elementor-top-column elementor-element elementor-element-624e34e\" data-id=\"624e34e\" data-element_type=\"column\">\n\t\t\t<div class=\"elementor-widget-wrap elementor-element-populated\">\n\t\t\t\t\t\t\t\t<div class=\"elementor-element elementor-element-78bfec0 elementor-widget elementor-widget-heading\" data-id=\"78bfec0\" data-element_type=\"widget\" data-widget_type=\"heading.default\">\n\t\t\t\t<div class=\"elementor-widget-container\">\n\t\t\t<p class=\"elementor-heading-title elementor-size-default\"><a href=\"http:\/\/www.erntespezialist-deutschbauer.at\/wp-content\/uploads\/2021\/08\/AGB_Stand-2020_04.pdf\" target=\"_blank\">AGB<\/a><\/p>\t\t<\/div>\n\t\t\t\t<\/div>\n\t\t\t\t\t<\/div>\n\t\t<\/div>\n\t\t\t\t<div class=\"elementor-column elementor-col-25 elementor-top-column elementor-element elementor-element-69d505b\" data-id=\"69d505b\" data-element_type=\"column\">\n\t\t\t<div class=\"elementor-widget-wrap elementor-element-populated\">\n\t\t\t\t\t\t\t\t<div class=\"elementor-element elementor-element-bf641a2 elementor-widget elementor-widget-heading\" data-id=\"bf641a2\" data-element_type=\"widget\" data-widget_type=\"heading.default\">\n\t\t\t\t<div class=\"elementor-widget-container\">\n\t\t\t<p class=\"elementor-heading-title elementor-size-default\"><a href=\"http:\/\/www.erntespezialist-deutschbauer.at\/wp-content\/uploads\/2021\/08\/Datenschutzerklaerung.pdf\" target=\"_blank\">Datenschutzerkl\u00e4rung<\/a><\/p>\t\t<\/div>\n\t\t\t\t<\/div>\n\t\t\t\t\t<\/div>\n\t\t<\/div>\n\t\t\t\t<div class=\"elementor-column elementor-col-25 elementor-top-column elementor-element elementor-element-838c991\" data-id=\"838c991\" data-element_type=\"column\">\n\t\t\t<div class=\"elementor-widget-wrap elementor-element-populated\">\n\t\t\t\t\t\t\t\t<div class=\"elementor-element elementor-element-414d510 elementor-widget elementor-widget-heading\" data-id=\"414d510\" data-element_type=\"widget\" data-widget_type=\"heading.default\">\n\t\t\t\t<div class=\"elementor-widget-container\">\n\t\t\t<p class=\"elementor-heading-title elementor-size-default\"><a href=\"http:\/\/www.erntespezialist-deutschbauer.at\/wp-content\/uploads\/2021\/08\/Folder.pdf\" target=\"_blank\">Folder zu unsern Leistungen<\/a><\/p>\t\t<\/div>\n\t\t\t\t<\/div>\n\t\t\t\t\t<\/div>\n\t\t<\/div>\n\t\t\t\t<div class=\"elementor-column elementor-col-25 elementor-top-column elementor-element elementor-element-74d2213\" data-id=\"74d2213\" data-element_type=\"column\">\n\t\t\t<div class=\"elementor-widget-wrap elementor-element-populated\">\n\t\t\t\t\t\t\t\t<div class=\"elementor-element elementor-element-ddcf1b5 elementor-widget elementor-widget-heading\" data-id=\"ddcf1b5\" data-element_type=\"widget\" data-widget_type=\"heading.default\">\n\t\t\t\t<div class=\"elementor-widget-container\">\n\t\t\t<p class=\"elementor-heading-title elementor-size-default\"><a href=\"https:\/\/www.facebook.com\/lohnunternehmen.deutschbauer\" target=\"_blank\">Facebook\n<\/a><\/p>\t\t<\/div>\n\t\t\t\t<\/div>\n\t\t\t\t\t<\/div>\n\t\t<\/div>\n\t\t\t\t\t\t\t<\/div>\n\t\t<\/section>\n\t\t\t\t\t\t<\/div>\n\t\t\t\t\t<\/div>\n\t\t","protected":false},"excerpt":{"rendered":"<p>\u00dcber uns Unsere Leistungen Lohndrusch H\u00e4ckseln Pressen Silo verdichten Geschichte Kontakt Jobs Verk\u00e4ufe X Mit dem Lohndrusch begann Willi im Burgenland. Mittlerweile k\u00f6nnen wir 36 M\u00e4hdrescher verzeichnen. Es werden jedes Jahr einige M\u00e4hdrescher ge- und verkauft. Einige M\u00e4hdrescher scheiden aufgrund h\u00f6herer Gewalt aus unserem Unternehmen aus. Unsere Druschsaison beginnt im Burgenland. Sie erstreckt sich dann [&hellip;]<\/p>\n","protected":false},"author":1,"featured_media":0,"parent":0,"menu_order":0,"comment_status":"closed","ping_status":"closed","template":"elementor_canvas","meta":{"footnotes":""},"class_list":["post-252","page","type-page","status-publish","hentry"],"_links":{"self":[{"href":"http:\/\/www.erntespezialist-deutschbauer.at\/index.php?rest_route=\/wp\/v2\/pages\/252","targetHints":{"allow":["GET"]}}],"collection":[{"href":"http:\/\/www.erntespezialist-deutschbauer.at\/index.php?rest_route=\/wp\/v2\/pages"}],"about":[{"href":"http:\/\/www.erntespezialist-deutschbauer.at\/index.php?rest_route=\/wp\/v2\/types\/page"}],"author":[{"embeddable":true,"href":"http:\/\/www.erntespezialist-deutschbauer.at\/index.php?rest_route=\/wp\/v2\/users\/1"}],"replies":[{"embeddable":true,"href":"http:\/\/www.erntespezialist-deutschbauer.at\/index.php?rest_route=%2Fwp%2Fv2%2Fcomments&post=252"}],"version-history":[{"count":17,"href":"http:\/\/www.erntespezialist-deutschbauer.at\/index.php?rest_route=\/wp\/v2\/pages\/252\/revisions"}],"predecessor-version":[{"id":467,"href":"http:\/\/www.erntespezialist-deutschbauer.at\/index.php?rest_route=\/wp\/v2\/pages\/252\/revisions\/467"}],"wp:attachment":[{"href":"http:\/\/www.erntespezialist-deutschbauer.at\/index.php?rest_route=%2Fwp%2Fv2%2Fmedia&parent=252"}],"curies":[{"name":"wp","href":"https:\/\/api.w.org\/{rel}","templated":true}]}}