{"id":175,"date":"2021-08-07T21:41:52","date_gmt":"2021-08-07T19:41:52","guid":{"rendered":"http:\/\/www.erntespezialist-deutschbauer.at\/?page_id=175"},"modified":"2024-04-27T16:34:56","modified_gmt":"2024-04-27T14:34:56","slug":"jobs","status":"publish","type":"page","link":"http:\/\/www.erntespezialist-deutschbauer.at\/?page_id=175","title":{"rendered":"Jobs"},"content":{"rendered":"\t\t<div data-elementor-type=\"wp-page\" data-elementor-id=\"175\" class=\"elementor elementor-175\" data-elementor-settings=\"[]\">\n\t\t\t\t\t\t\t<div class=\"elementor-section-wrap\">\n\t\t\t\t\t\t\t<section class=\"elementor-section elementor-top-section elementor-element elementor-element-d7a712b elementor-section-full_width elementor-section-height-default elementor-section-height-default\" data-id=\"d7a712b\" data-element_type=\"section\" data-settings=\"{&quot;background_background&quot;:&quot;classic&quot;,&quot;shape_divider_top&quot;:&quot;pyramids&quot;}\">\n\t\t\t\t\t<div class=\"elementor-shape elementor-shape-top\" data-negative=\"false\">\n\t\t\t<svg xmlns=\"http:\/\/www.w3.org\/2000\/svg\" viewBox=\"0 0 1000 100\" preserveAspectRatio=\"none\">\n\t<path class=\"elementor-shape-fill\" d=\"M761.9,44.1L643.1,27.2L333.8,98L0,3.8V0l1000,0v3.9\"\/>\n<\/svg>\t\t<\/div>\n\t\t\t\t\t<div class=\"elementor-container elementor-column-gap-default\">\n\t\t\t\t\t<div class=\"elementor-column elementor-col-50 elementor-top-column elementor-element elementor-element-127f9dd\" data-id=\"127f9dd\" data-element_type=\"column\">\n\t\t\t<div class=\"elementor-widget-wrap elementor-element-populated\">\n\t\t\t\t\t\t\t\t<div class=\"elementor-element elementor-element-110ef11 elementor-widget elementor-widget-image\" data-id=\"110ef11\" data-element_type=\"widget\" data-widget_type=\"image.default\">\n\t\t\t\t<div class=\"elementor-widget-container\">\n\t\t\t\t\t\t\t\t\t\t\t\t\t\t\t\t<a href=\"http:\/\/www.erntespezialist-deutschbauer.at\/\">\n\t\t\t\t\t\t\t<img loading=\"lazy\" decoding=\"async\" width=\"150\" height=\"90\" src=\"http:\/\/www.erntespezialist-deutschbauer.at\/wp-content\/uploads\/2021\/08\/Deutschbauer_Lohnunternehmen_Logo_hoch-2.png\" class=\"attachment-thumbnail size-thumbnail\" alt=\"\" \/>\t\t\t\t\t\t\t\t<\/a>\n\t\t\t\t\t\t\t\t\t\t\t\t\t\t\t<\/div>\n\t\t\t\t<\/div>\n\t\t\t\t\t<\/div>\n\t\t<\/div>\n\t\t\t\t<div class=\"elementor-column elementor-col-50 elementor-top-column elementor-element elementor-element-8f158a9\" data-id=\"8f158a9\" data-element_type=\"column\">\n\t\t\t<div class=\"elementor-widget-wrap elementor-element-populated\">\n\t\t\t\t\t\t\t\t<div class=\"elementor-element elementor-element-e70891c elementor-widget elementor-widget-ekit-nav-menu\" data-id=\"e70891c\" data-element_type=\"widget\" data-widget_type=\"ekit-nav-menu.default\">\n\t\t\t\t<div class=\"elementor-widget-container\">\n\t\t\t<div class=\"ekit-wid-con ekit_menu_responsive_tablet\" data-hamburger-icon=\"\" data-hamburger-icon-type=\"icon\" data-responsive-breakpoint=\"1024\">            <button class=\"elementskit-menu-hamburger elementskit-menu-toggler\">\n                                    <span class=\"elementskit-menu-hamburger-icon\"><\/span><span class=\"elementskit-menu-hamburger-icon\"><\/span><span class=\"elementskit-menu-hamburger-icon\"><\/span>\n                            <\/button>\n            <div id=\"ekit-megamenu-deutschbauer\" class=\"elementskit-menu-container elementskit-menu-offcanvas-elements elementskit-navbar-nav-default elementskit_line_arrow ekit-nav-menu-one-page-no\"><ul id=\"menu-deutschbauer\" class=\"elementskit-navbar-nav elementskit-menu-po-right submenu-click-on-icon\"><li id=\"menu-item-145\" class=\"menu-item menu-item-type-post_type menu-item-object-page menu-item-home menu-item-145 nav-item elementskit-mobile-builder-content\" data-vertical-menu=750px><a href=\"http:\/\/www.erntespezialist-deutschbauer.at\/\" class=\"ekit-menu-nav-link\">\u00dcber uns<\/a><\/li>\n<li id=\"menu-item-150\" class=\"menu-item menu-item-type-post_type menu-item-object-page menu-item-has-children menu-item-150 nav-item elementskit-dropdown-has relative_position elementskit-dropdown-menu-default_width elementskit-mobile-builder-content\" data-vertical-menu=750px><a href=\"http:\/\/www.erntespezialist-deutschbauer.at\/?page_id=140\" class=\"ekit-menu-nav-link ekit-menu-dropdown-toggle\">Unsere Leistungen<i class=\"icon icon-down-arrow1 elementskit-submenu-indicator\"><\/i><\/a>\n<ul class=\"elementskit-dropdown elementskit-submenu-panel\">\n\t<li id=\"menu-item-313\" class=\"menu-item menu-item-type-post_type menu-item-object-page menu-item-313 nav-item elementskit-mobile-builder-content\" data-vertical-menu=750px><a href=\"http:\/\/www.erntespezialist-deutschbauer.at\/?page_id=296\" class=\" dropdown-item\">Lohndrusch<\/a>\t<li id=\"menu-item-251\" class=\"menu-item menu-item-type-post_type menu-item-object-page menu-item-251 nav-item elementskit-mobile-builder-content\" data-vertical-menu=750px><a href=\"http:\/\/www.erntespezialist-deutschbauer.at\/?page_id=217\" class=\" dropdown-item\">H\u00e4ckseln<\/a>\t<li id=\"menu-item-276\" class=\"menu-item menu-item-type-post_type menu-item-object-page menu-item-276 nav-item elementskit-mobile-builder-content\" data-vertical-menu=750px><a href=\"http:\/\/www.erntespezialist-deutschbauer.at\/?page_id=252\" class=\" dropdown-item\">Pressen<\/a>\t<li id=\"menu-item-325\" class=\"menu-item menu-item-type-post_type menu-item-object-page menu-item-325 nav-item elementskit-mobile-builder-content\" data-vertical-menu=750px><a href=\"http:\/\/www.erntespezialist-deutschbauer.at\/?page_id=314\" class=\" dropdown-item\">Silo verdichten<\/a><\/ul>\n<\/li>\n<li id=\"menu-item-159\" class=\"menu-item menu-item-type-post_type menu-item-object-page menu-item-159 nav-item elementskit-mobile-builder-content\" data-vertical-menu=750px><a href=\"http:\/\/www.erntespezialist-deutschbauer.at\/?page_id=151\" class=\"ekit-menu-nav-link\">Geschichte<\/a><\/li>\n<li id=\"menu-item-171\" class=\"menu-item menu-item-type-post_type menu-item-object-page menu-item-171 nav-item elementskit-mobile-builder-content\" data-vertical-menu=750px><a href=\"http:\/\/www.erntespezialist-deutschbauer.at\/?page_id=166\" class=\"ekit-menu-nav-link\">Kontakt<\/a><\/li>\n<li id=\"menu-item-183\" class=\"menu-item menu-item-type-post_type menu-item-object-page menu-item-183 nav-item elementskit-mobile-builder-content\" data-vertical-menu=750px><a href=\"http:\/\/www.erntespezialist-deutschbauer.at\/?page_id=175\" class=\"ekit-menu-nav-link\">Jobs<\/a><\/li>\n<li id=\"menu-item-192\" class=\"menu-item menu-item-type-post_type menu-item-object-page menu-item-192 nav-item elementskit-mobile-builder-content\" data-vertical-menu=750px><a href=\"http:\/\/www.erntespezialist-deutschbauer.at\/?page_id=187\" class=\"ekit-menu-nav-link\">Verk\u00e4ufe<\/a><\/li>\n<\/ul>\n\t\t\t\t<div class=\"elementskit-nav-identity-panel\">\n\t\t\t\t\t<div class=\"elementskit-site-title\">\n\t\t\t\t\t\t<a class=\"elementskit-nav-logo\" href=\"http:\/\/www.erntespezialist-deutschbauer.at\" target=\"_self\" rel=\"\">\n                            <img loading=\"lazy\" decoding=\"async\" width=\"946\" height=\"565\" src=\"http:\/\/www.erntespezialist-deutschbauer.at\/wp-content\/uploads\/2021\/08\/Deutschbauer_Lohnunternehmen_Logo_hoch-2.png\" class=\"attachment-full size-full\" alt=\"\" \/>\n\t\t\t\t\t\t<\/a> \n\t\t\t\t\t<\/div>\n\t\t\t\t\t<button class=\"elementskit-menu-close elementskit-menu-toggler\" type=\"button\">X<\/button>\n\t\t\t\t<\/div>\n\t\t\t<\/div><div class=\"elementskit-menu-overlay elementskit-menu-offcanvas-elements elementskit-menu-toggler ekit-nav-menu--overlay\"><\/div><\/div>\t\t<\/div>\n\t\t\t\t<\/div>\n\t\t\t\t\t<\/div>\n\t\t<\/div>\n\t\t\t\t\t\t\t<\/div>\n\t\t<\/section>\n\t\t\t\t<section class=\"elementor-section elementor-top-section elementor-element elementor-element-4d22f60 elementor-section-boxed elementor-section-height-default elementor-section-height-default\" data-id=\"4d22f60\" data-element_type=\"section\">\n\t\t\t\t\t\t<div class=\"elementor-container elementor-column-gap-default\">\n\t\t\t\t\t<div class=\"elementor-column elementor-col-50 elementor-top-column elementor-element elementor-element-dfa8cea\" data-id=\"dfa8cea\" data-element_type=\"column\">\n\t\t\t<div class=\"elementor-widget-wrap elementor-element-populated\">\n\t\t\t\t\t\t\t\t<div class=\"elementor-element elementor-element-acbb563 elementor-widget elementor-widget-heading\" data-id=\"acbb563\" data-element_type=\"widget\" data-widget_type=\"heading.default\">\n\t\t\t\t<div class=\"elementor-widget-container\">\n\t\t\t<h2 class=\"elementor-heading-title elementor-size-default\">Werden Sie Teil unseres Teams<\/h2>\t\t<\/div>\n\t\t\t\t<\/div>\n\t\t\t\t<div class=\"elementor-element elementor-element-f3f2738 elementor-widget elementor-widget-text-editor\" data-id=\"f3f2738\" data-element_type=\"widget\" data-widget_type=\"text-editor.default\">\n\t\t\t\t<div class=\"elementor-widget-container\">\n\t\t\t\t\t\t\t\t<p><br><\/p><p><span style=\"color: var( --e-global-color-text ); font-family: var( --e-global-typography-text-font-family ), Sans-serif; font-weight: var( --e-global-typography-text-font-weight ); font-size: 1rem;\"><br>Wir haben eine lange Geschichte und viel Erfahrung bei der landwirtschaftlichen Ernte, denn wir kennen all unsere Maschinen von A bis Z, da wir diese selbstst\u00e4ndig reparieren.<br><\/span><span style=\"color: var( --e-global-color-text ); font-family: var( --e-global-typography-text-font-family ), Sans-serif; font-weight: var( --e-global-typography-text-font-weight ); font-size: 1rem;\">Unser Ziel ist es, die bestm\u00f6glichen landwirtschaftlichen Ertr\u00e4ge mit&nbsp;<\/span><span style=\"color: var( --e-global-color-text ); font-family: var( --e-global-typography-text-font-family ), Sans-serif; font-weight: var( --e-global-typography-text-font-weight ); font-size: 1rem;\">effizienten Maschinen durchzuf\u00fchren.&nbsp;<br><\/span><span style=\"color: var( --e-global-color-text ); font-family: var( --e-global-typography-text-font-family ), Sans-serif; font-weight: var( --e-global-typography-text-font-weight ); font-size: 1rem;\">Wir befinden uns im st\u00e4ndigen Wachstum und bieten unseren MitarbeiterInnen vielseitige Perspektiven, sich zu entwickeln. Dazu suchen wir laufend nach qualifizierten MitarbeiterInnen, die sich mit Engagement f\u00fcr <\/span><span style=\"color: var( --e-global-color-text ); font-family: var( --e-global-typography-text-font-family ), Sans-serif; font-weight: var( --e-global-typography-text-font-weight ); font-size: 1rem;\">den gemeinsamen Erfolg einsetzen, Interesse an landwirtschaftlichen Maschinen <\/span><span style=\"color: var( --e-global-color-text ); font-family: var( --e-global-typography-text-font-family ), Sans-serif; font-weight: var( --e-global-typography-text-font-weight ); font-size: 1rem;\">haben und gerne andere Gebiete von \u00d6sterreich kennenlernen wollen.<\/span><\/p>\t\t\t\t\t\t<\/div>\n\t\t\t\t<\/div>\n\t\t\t\t\t<\/div>\n\t\t<\/div>\n\t\t\t\t<div class=\"elementor-column elementor-col-50 elementor-top-column elementor-element elementor-element-d98f2e9\" data-id=\"d98f2e9\" data-element_type=\"column\">\n\t\t\t<div class=\"elementor-widget-wrap elementor-element-populated\">\n\t\t\t\t\t\t\t\t<div class=\"elementor-element elementor-element-52cbb19 elementor-widget elementor-widget-image\" data-id=\"52cbb19\" data-element_type=\"widget\" data-widget_type=\"image.default\">\n\t\t\t\t<div class=\"elementor-widget-container\">\n\t\t\t\t\t\t\t\t\t\t\t\t\t\t\t<img loading=\"lazy\" decoding=\"async\" width=\"800\" height=\"600\" src=\"http:\/\/www.erntespezialist-deutschbauer.at\/wp-content\/uploads\/2021\/08\/Titelbild-1-1024x768.jpg\" class=\"attachment-large size-large\" alt=\"\" srcset=\"http:\/\/www.erntespezialist-deutschbauer.at\/wp-content\/uploads\/2021\/08\/Titelbild-1-1024x768.jpg 1024w, http:\/\/www.erntespezialist-deutschbauer.at\/wp-content\/uploads\/2021\/08\/Titelbild-1-300x225.jpg 300w, http:\/\/www.erntespezialist-deutschbauer.at\/wp-content\/uploads\/2021\/08\/Titelbild-1-768x576.jpg 768w, http:\/\/www.erntespezialist-deutschbauer.at\/wp-content\/uploads\/2021\/08\/Titelbild-1-1536x1152.jpg 1536w, http:\/\/www.erntespezialist-deutschbauer.at\/wp-content\/uploads\/2021\/08\/Titelbild-1-2048x1536.jpg 2048w\" sizes=\"auto, (max-width: 800px) 100vw, 800px\" \/>\t\t\t\t\t\t\t\t\t\t\t\t\t\t\t<\/div>\n\t\t\t\t<\/div>\n\t\t\t\t\t<\/div>\n\t\t<\/div>\n\t\t\t\t\t\t\t<\/div>\n\t\t<\/section>\n\t\t\t\t<section class=\"elementor-section elementor-top-section elementor-element elementor-element-5b901b3 elementor-section-boxed elementor-section-height-default elementor-section-height-default\" data-id=\"5b901b3\" data-element_type=\"section\">\n\t\t\t\t\t\t<div class=\"elementor-container elementor-column-gap-default\">\n\t\t\t\t\t<div class=\"elementor-column elementor-col-100 elementor-top-column elementor-element elementor-element-681d1b3\" data-id=\"681d1b3\" data-element_type=\"column\">\n\t\t\t<div class=\"elementor-widget-wrap elementor-element-populated\">\n\t\t\t\t\t\t\t\t<div class=\"elementor-element elementor-element-543864a elementor-widget elementor-widget-text-editor\" data-id=\"543864a\" data-element_type=\"widget\" data-widget_type=\"text-editor.default\">\n\t\t\t\t<div class=\"elementor-widget-container\">\n\t\t\t\t\t\t\t\t<p>Wenn auch Sie auf der Suche nach einer neuen beruflichen Herausforderung sind,<br>freuen wir uns auf Ihre Bewerbung!<\/p>\n<p><strong>Zurzeit suchen wir zum ehestm\u00f6glichen Eintritt:<\/strong><br><strong>F\u00fcr unsere Werkstatt<\/strong><br>MechanikerInnen &#8211; Meister<br>MechanikerInnen &#8211; Geselle<br>MechanikerInnen &#8211; Helfer<br>Bezahlung lt. Kollektivvertrag der Metaller &#8211; \u00dcberbezahlung ist je nach Qualifikation laut Vereinbarung m\u00f6glich.<\/p>\n<p><strong>F\u00fcr unsere Saison ab Mai-September suchen wir Unterst\u00fctzung<\/strong><br>FahrerInnen f\u00fcr:<br>H\u00e4cksler<br>Traktor mit Presse<br>Traktor mit Abschiebewagen<\/p>\n<p><strong>F\u00fcr unsere Saison ab Mitte Juni suchen wir Unterst\u00fctzung<\/strong><br>FahrerInnen f\u00fcr M\u00e4hdrescher<\/p>\n<p><strong>Fahrpraxis und Berufserfahrung ist von Vorteil und \u00dcberzahlung ist je nach Qualifikation laut Vereinbarung m\u00f6glich.<\/strong><br>Sie haben Fragen oder brauchen Informationen zu diesem Thema?<br>Kontaktieren Sie mich!<br>Daniel Deutschbauer<br>Tel: 0676\/620 22 00<br>E-Mail:&nbsp;<a href=\"mailto:d.deutschbauer@outlook.at\" target=\"_blank\">d.deutschbauer@outlook.at<\/a>&nbsp;<\/p><p><br><\/p><p><br><\/p><p><br><\/p><p><br><\/p><p><br><\/p>\t\t\t\t\t\t<\/div>\n\t\t\t\t<\/div>\n\t\t\t\t\t<\/div>\n\t\t<\/div>\n\t\t\t\t\t\t\t<\/div>\n\t\t<\/section>\n\t\t\t\t<section class=\"elementor-section elementor-top-section elementor-element elementor-element-d0b4348 elementor-section-boxed elementor-section-height-default elementor-section-height-default\" data-id=\"d0b4348\" data-element_type=\"section\" data-settings=\"{&quot;background_background&quot;:&quot;classic&quot;}\">\n\t\t\t\t\t\t<div class=\"elementor-container elementor-column-gap-default\">\n\t\t\t\t\t<div class=\"elementor-column elementor-col-25 elementor-top-column elementor-element elementor-element-624e34e\" data-id=\"624e34e\" data-element_type=\"column\">\n\t\t\t<div class=\"elementor-widget-wrap elementor-element-populated\">\n\t\t\t\t\t\t\t\t<div class=\"elementor-element elementor-element-78bfec0 elementor-widget elementor-widget-heading\" data-id=\"78bfec0\" data-element_type=\"widget\" data-widget_type=\"heading.default\">\n\t\t\t\t<div class=\"elementor-widget-container\">\n\t\t\t<p class=\"elementor-heading-title elementor-size-default\"><a href=\"http:\/\/www.erntespezialist-deutschbauer.at\/wp-content\/uploads\/2021\/08\/AGB_Stand-2020_04.pdf\" target=\"_blank\">AGB<\/a><\/p>\t\t<\/div>\n\t\t\t\t<\/div>\n\t\t\t\t\t<\/div>\n\t\t<\/div>\n\t\t\t\t<div class=\"elementor-column elementor-col-25 elementor-top-column elementor-element elementor-element-69d505b\" data-id=\"69d505b\" data-element_type=\"column\">\n\t\t\t<div class=\"elementor-widget-wrap elementor-element-populated\">\n\t\t\t\t\t\t\t\t<div class=\"elementor-element elementor-element-bf641a2 elementor-widget elementor-widget-heading\" data-id=\"bf641a2\" data-element_type=\"widget\" data-widget_type=\"heading.default\">\n\t\t\t\t<div class=\"elementor-widget-container\">\n\t\t\t<p class=\"elementor-heading-title elementor-size-default\"><a href=\"http:\/\/www.erntespezialist-deutschbauer.at\/wp-content\/uploads\/2021\/08\/Datenschutzerklaerung.pdf\" target=\"_blank\">Datenschutzerkl\u00e4rung<\/a><\/p>\t\t<\/div>\n\t\t\t\t<\/div>\n\t\t\t\t\t<\/div>\n\t\t<\/div>\n\t\t\t\t<div class=\"elementor-column elementor-col-25 elementor-top-column elementor-element elementor-element-838c991\" data-id=\"838c991\" data-element_type=\"column\">\n\t\t\t<div class=\"elementor-widget-wrap elementor-element-populated\">\n\t\t\t\t\t\t\t\t<div class=\"elementor-element elementor-element-414d510 elementor-widget elementor-widget-heading\" data-id=\"414d510\" data-element_type=\"widget\" data-widget_type=\"heading.default\">\n\t\t\t\t<div class=\"elementor-widget-container\">\n\t\t\t<p class=\"elementor-heading-title elementor-size-default\"><a href=\"http:\/\/www.erntespezialist-deutschbauer.at\/wp-content\/uploads\/2021\/08\/Folder.pdf\" target=\"_blank\">Folder zu unsern Leistungen<\/a><\/p>\t\t<\/div>\n\t\t\t\t<\/div>\n\t\t\t\t\t<\/div>\n\t\t<\/div>\n\t\t\t\t<div class=\"elementor-column elementor-col-25 elementor-top-column elementor-element elementor-element-74d2213\" data-id=\"74d2213\" data-element_type=\"column\">\n\t\t\t<div class=\"elementor-widget-wrap elementor-element-populated\">\n\t\t\t\t\t\t\t\t<div class=\"elementor-element elementor-element-ddcf1b5 elementor-widget elementor-widget-heading\" data-id=\"ddcf1b5\" data-element_type=\"widget\" data-widget_type=\"heading.default\">\n\t\t\t\t<div class=\"elementor-widget-container\">\n\t\t\t<p class=\"elementor-heading-title elementor-size-default\"><a href=\"https:\/\/www.facebook.com\/lohnunternehmen.deutschbauer\" target=\"_blank\">Facebook\n<\/a><\/p>\t\t<\/div>\n\t\t\t\t<\/div>\n\t\t\t\t\t<\/div>\n\t\t<\/div>\n\t\t\t\t\t\t\t<\/div>\n\t\t<\/section>\n\t\t\t\t\t\t<\/div>\n\t\t\t\t\t<\/div>\n\t\t","protected":false},"excerpt":{"rendered":"<p>\u00dcber uns Unsere Leistungen Lohndrusch H\u00e4ckseln Pressen Silo verdichten Geschichte Kontakt Jobs Verk\u00e4ufe X Werden Sie Teil unseres Teams Wir haben eine lange Geschichte und viel Erfahrung bei der landwirtschaftlichen Ernte, denn wir kennen all unsere Maschinen von A bis Z, da wir diese selbstst\u00e4ndig reparieren.Unser Ziel ist es, die bestm\u00f6glichen landwirtschaftlichen Ertr\u00e4ge mit&nbsp;effizienten Maschinen [&hellip;]<\/p>\n","protected":false},"author":1,"featured_media":0,"parent":0,"menu_order":0,"comment_status":"closed","ping_status":"closed","template":"elementor_canvas","meta":{"footnotes":""},"class_list":["post-175","page","type-page","status-publish","hentry"],"_links":{"self":[{"href":"http:\/\/www.erntespezialist-deutschbauer.at\/index.php?rest_route=\/wp\/v2\/pages\/175","targetHints":{"allow":["GET"]}}],"collection":[{"href":"http:\/\/www.erntespezialist-deutschbauer.at\/index.php?rest_route=\/wp\/v2\/pages"}],"about":[{"href":"http:\/\/www.erntespezialist-deutschbauer.at\/index.php?rest_route=\/wp\/v2\/types\/page"}],"author":[{"embeddable":true,"href":"http:\/\/www.erntespezialist-deutschbauer.at\/index.php?rest_route=\/wp\/v2\/users\/1"}],"replies":[{"embeddable":true,"href":"http:\/\/www.erntespezialist-deutschbauer.at\/index.php?rest_route=%2Fwp%2Fv2%2Fcomments&post=175"}],"version-history":[{"count":25,"href":"http:\/\/www.erntespezialist-deutschbauer.at\/index.php?rest_route=\/wp\/v2\/pages\/175\/revisions"}],"predecessor-version":[{"id":474,"href":"http:\/\/www.erntespezialist-deutschbauer.at\/index.php?rest_route=\/wp\/v2\/pages\/175\/revisions\/474"}],"wp:attachment":[{"href":"http:\/\/www.erntespezialist-deutschbauer.at\/index.php?rest_route=%2Fwp%2Fv2%2Fmedia&parent=175"}],"curies":[{"name":"wp","href":"https:\/\/api.w.org\/{rel}","templated":true}]}}