{"id":140,"date":"2021-08-07T16:20:41","date_gmt":"2021-08-07T14:20:41","guid":{"rendered":"http:\/\/www.erntespezialist-deutschbauer.at\/?page_id=140"},"modified":"2024-04-27T16:21:16","modified_gmt":"2024-04-27T14:21:16","slug":"unsere-leistungen","status":"publish","type":"page","link":"http:\/\/www.erntespezialist-deutschbauer.at\/?page_id=140","title":{"rendered":"Unsere Leistungen"},"content":{"rendered":"\t\t<div data-elementor-type=\"wp-page\" data-elementor-id=\"140\" class=\"elementor elementor-140\" data-elementor-settings=\"[]\">\n\t\t\t\t\t\t\t<div class=\"elementor-section-wrap\">\n\t\t\t\t\t\t\t<section class=\"elementor-section elementor-top-section elementor-element elementor-element-d7a712b elementor-section-full_width elementor-section-height-default elementor-section-height-default\" data-id=\"d7a712b\" data-element_type=\"section\" data-settings=\"{&quot;background_background&quot;:&quot;classic&quot;,&quot;shape_divider_top&quot;:&quot;pyramids&quot;}\">\n\t\t\t\t\t<div class=\"elementor-shape elementor-shape-top\" data-negative=\"false\">\n\t\t\t<svg xmlns=\"http:\/\/www.w3.org\/2000\/svg\" viewBox=\"0 0 1000 100\" preserveAspectRatio=\"none\">\n\t<path class=\"elementor-shape-fill\" d=\"M761.9,44.1L643.1,27.2L333.8,98L0,3.8V0l1000,0v3.9\"\/>\n<\/svg>\t\t<\/div>\n\t\t\t\t\t<div class=\"elementor-container elementor-column-gap-default\">\n\t\t\t\t\t<div class=\"elementor-column elementor-col-50 elementor-top-column elementor-element elementor-element-127f9dd\" data-id=\"127f9dd\" data-element_type=\"column\">\n\t\t\t<div class=\"elementor-widget-wrap elementor-element-populated\">\n\t\t\t\t\t\t\t\t<div class=\"elementor-element elementor-element-110ef11 elementor-widget elementor-widget-image\" data-id=\"110ef11\" data-element_type=\"widget\" data-widget_type=\"image.default\">\n\t\t\t\t<div class=\"elementor-widget-container\">\n\t\t\t\t\t\t\t\t\t\t\t\t\t\t\t\t<a href=\"http:\/\/www.erntespezialist-deutschbauer.at\/\">\n\t\t\t\t\t\t\t<img loading=\"lazy\" decoding=\"async\" width=\"150\" height=\"90\" src=\"http:\/\/www.erntespezialist-deutschbauer.at\/wp-content\/uploads\/2021\/08\/Deutschbauer_Lohnunternehmen_Logo_hoch-2.png\" class=\"attachment-thumbnail size-thumbnail\" alt=\"\" \/>\t\t\t\t\t\t\t\t<\/a>\n\t\t\t\t\t\t\t\t\t\t\t\t\t\t\t<\/div>\n\t\t\t\t<\/div>\n\t\t\t\t\t<\/div>\n\t\t<\/div>\n\t\t\t\t<div class=\"elementor-column elementor-col-50 elementor-top-column elementor-element elementor-element-8f158a9\" data-id=\"8f158a9\" data-element_type=\"column\">\n\t\t\t<div class=\"elementor-widget-wrap elementor-element-populated\">\n\t\t\t\t\t\t\t\t<div class=\"elementor-element elementor-element-e70891c elementor-widget elementor-widget-ekit-nav-menu\" data-id=\"e70891c\" data-element_type=\"widget\" data-widget_type=\"ekit-nav-menu.default\">\n\t\t\t\t<div class=\"elementor-widget-container\">\n\t\t\t<div class=\"ekit-wid-con ekit_menu_responsive_tablet\" data-hamburger-icon=\"\" data-hamburger-icon-type=\"icon\" data-responsive-breakpoint=\"1024\">            <button class=\"elementskit-menu-hamburger elementskit-menu-toggler\">\n                                    <span class=\"elementskit-menu-hamburger-icon\"><\/span><span class=\"elementskit-menu-hamburger-icon\"><\/span><span class=\"elementskit-menu-hamburger-icon\"><\/span>\n                            <\/button>\n            <div id=\"ekit-megamenu-deutschbauer\" class=\"elementskit-menu-container elementskit-menu-offcanvas-elements elementskit-navbar-nav-default elementskit_line_arrow ekit-nav-menu-one-page-no\"><ul id=\"menu-deutschbauer\" class=\"elementskit-navbar-nav elementskit-menu-po-right submenu-click-on-icon\"><li id=\"menu-item-145\" class=\"menu-item menu-item-type-post_type menu-item-object-page menu-item-home menu-item-145 nav-item elementskit-mobile-builder-content\" data-vertical-menu=750px><a href=\"http:\/\/www.erntespezialist-deutschbauer.at\/\" class=\"ekit-menu-nav-link\">\u00dcber uns<\/a><\/li>\n<li id=\"menu-item-150\" class=\"menu-item menu-item-type-post_type menu-item-object-page menu-item-has-children menu-item-150 nav-item elementskit-dropdown-has relative_position elementskit-dropdown-menu-default_width elementskit-mobile-builder-content\" data-vertical-menu=750px><a href=\"http:\/\/www.erntespezialist-deutschbauer.at\/?page_id=140\" class=\"ekit-menu-nav-link ekit-menu-dropdown-toggle\">Unsere Leistungen<i class=\"icon icon-down-arrow1 elementskit-submenu-indicator\"><\/i><\/a>\n<ul class=\"elementskit-dropdown elementskit-submenu-panel\">\n\t<li id=\"menu-item-313\" class=\"menu-item menu-item-type-post_type menu-item-object-page menu-item-313 nav-item elementskit-mobile-builder-content\" data-vertical-menu=750px><a href=\"http:\/\/www.erntespezialist-deutschbauer.at\/?page_id=296\" class=\" dropdown-item\">Lohndrusch<\/a>\t<li id=\"menu-item-251\" class=\"menu-item menu-item-type-post_type menu-item-object-page menu-item-251 nav-item elementskit-mobile-builder-content\" data-vertical-menu=750px><a href=\"http:\/\/www.erntespezialist-deutschbauer.at\/?page_id=217\" class=\" dropdown-item\">H\u00e4ckseln<\/a>\t<li id=\"menu-item-276\" class=\"menu-item menu-item-type-post_type menu-item-object-page menu-item-276 nav-item elementskit-mobile-builder-content\" data-vertical-menu=750px><a href=\"http:\/\/www.erntespezialist-deutschbauer.at\/?page_id=252\" class=\" dropdown-item\">Pressen<\/a>\t<li id=\"menu-item-325\" class=\"menu-item menu-item-type-post_type menu-item-object-page menu-item-325 nav-item elementskit-mobile-builder-content\" data-vertical-menu=750px><a href=\"http:\/\/www.erntespezialist-deutschbauer.at\/?page_id=314\" class=\" dropdown-item\">Silo verdichten<\/a><\/ul>\n<\/li>\n<li id=\"menu-item-159\" class=\"menu-item menu-item-type-post_type menu-item-object-page menu-item-159 nav-item elementskit-mobile-builder-content\" data-vertical-menu=750px><a href=\"http:\/\/www.erntespezialist-deutschbauer.at\/?page_id=151\" class=\"ekit-menu-nav-link\">Geschichte<\/a><\/li>\n<li id=\"menu-item-171\" class=\"menu-item menu-item-type-post_type menu-item-object-page menu-item-171 nav-item elementskit-mobile-builder-content\" data-vertical-menu=750px><a href=\"http:\/\/www.erntespezialist-deutschbauer.at\/?page_id=166\" class=\"ekit-menu-nav-link\">Kontakt<\/a><\/li>\n<li id=\"menu-item-183\" class=\"menu-item menu-item-type-post_type menu-item-object-page menu-item-183 nav-item elementskit-mobile-builder-content\" data-vertical-menu=750px><a href=\"http:\/\/www.erntespezialist-deutschbauer.at\/?page_id=175\" class=\"ekit-menu-nav-link\">Jobs<\/a><\/li>\n<li id=\"menu-item-192\" class=\"menu-item menu-item-type-post_type menu-item-object-page menu-item-192 nav-item elementskit-mobile-builder-content\" data-vertical-menu=750px><a href=\"http:\/\/www.erntespezialist-deutschbauer.at\/?page_id=187\" class=\"ekit-menu-nav-link\">Verk\u00e4ufe<\/a><\/li>\n<\/ul>\n\t\t\t\t<div class=\"elementskit-nav-identity-panel\">\n\t\t\t\t\t<div class=\"elementskit-site-title\">\n\t\t\t\t\t\t<a class=\"elementskit-nav-logo\" href=\"http:\/\/www.erntespezialist-deutschbauer.at\" target=\"_self\" rel=\"\">\n                            <img loading=\"lazy\" decoding=\"async\" width=\"946\" height=\"565\" src=\"http:\/\/www.erntespezialist-deutschbauer.at\/wp-content\/uploads\/2021\/08\/Deutschbauer_Lohnunternehmen_Logo_hoch-2.png\" class=\"attachment-full size-full\" alt=\"\" \/>\n\t\t\t\t\t\t<\/a> \n\t\t\t\t\t<\/div>\n\t\t\t\t\t<button class=\"elementskit-menu-close elementskit-menu-toggler\" type=\"button\">X<\/button>\n\t\t\t\t<\/div>\n\t\t\t<\/div><div class=\"elementskit-menu-overlay elementskit-menu-offcanvas-elements elementskit-menu-toggler ekit-nav-menu--overlay\"><\/div><\/div>\t\t<\/div>\n\t\t\t\t<\/div>\n\t\t\t\t\t<\/div>\n\t\t<\/div>\n\t\t\t\t\t\t\t<\/div>\n\t\t<\/section>\n\t\t\t\t<section class=\"elementor-section elementor-top-section elementor-element elementor-element-99aedde elementor-section-boxed elementor-section-height-default elementor-section-height-default\" data-id=\"99aedde\" data-element_type=\"section\">\n\t\t\t\t\t\t<div class=\"elementor-container elementor-column-gap-default\">\n\t\t\t\t\t<div class=\"elementor-column elementor-col-100 elementor-top-column elementor-element elementor-element-bf3e660\" data-id=\"bf3e660\" data-element_type=\"column\">\n\t\t\t<div class=\"elementor-widget-wrap elementor-element-populated\">\n\t\t\t\t\t\t\t\t<div class=\"elementor-element elementor-element-14a0197 elementor-widget elementor-widget-heading\" data-id=\"14a0197\" data-element_type=\"widget\" data-widget_type=\"heading.default\">\n\t\t\t\t<div class=\"elementor-widget-container\">\n\t\t\t<h2 class=\"elementor-heading-title elementor-size-default\">Unsere Leistungen<\/h2>\t\t<\/div>\n\t\t\t\t<\/div>\n\t\t\t\t\t<\/div>\n\t\t<\/div>\n\t\t\t\t\t\t\t<\/div>\n\t\t<\/section>\n\t\t\t\t<section class=\"elementor-section elementor-top-section elementor-element elementor-element-59f53a6 elementor-section-boxed elementor-section-height-default elementor-section-height-default\" data-id=\"59f53a6\" data-element_type=\"section\">\n\t\t\t\t\t\t<div class=\"elementor-container elementor-column-gap-default\">\n\t\t\t\t\t<div class=\"elementor-column elementor-col-100 elementor-top-column elementor-element elementor-element-5a69bbd\" data-id=\"5a69bbd\" data-element_type=\"column\">\n\t\t\t<div class=\"elementor-widget-wrap elementor-element-populated\">\n\t\t\t\t\t\t\t\t<div class=\"elementor-element elementor-element-5de5bfd elementor-widget elementor-widget-image\" data-id=\"5de5bfd\" data-element_type=\"widget\" data-widget_type=\"image.default\">\n\t\t\t\t<div class=\"elementor-widget-container\">\n\t\t\t\t\t\t\t\t\t\t\t\t\t\t\t<img decoding=\"async\" src=\"http:\/\/www.erntespezialist-deutschbauer.at\/wp-content\/uploads\/elementor\/thumbs\/Titelbild-1-scaled-pb9p3ibp99ohpe45hlvfkhw6ikp4xr8z5cab0pr4xk.jpg\" title=\"DCIM100MEDIADJI_0027.JPG\" alt=\"DCIM100MEDIADJI_0027.JPG\" \/>\t\t\t\t\t\t\t\t\t\t\t\t\t\t\t<\/div>\n\t\t\t\t<\/div>\n\t\t\t\t\t<\/div>\n\t\t<\/div>\n\t\t\t\t\t\t\t<\/div>\n\t\t<\/section>\n\t\t\t\t<section class=\"elementor-section elementor-top-section elementor-element elementor-element-31571a2 elementor-section-boxed elementor-section-height-default elementor-section-height-default\" data-id=\"31571a2\" data-element_type=\"section\">\n\t\t\t\t\t\t<div class=\"elementor-container elementor-column-gap-default\">\n\t\t\t\t\t<div class=\"elementor-column elementor-col-25 elementor-top-column elementor-element elementor-element-c530b42\" data-id=\"c530b42\" data-element_type=\"column\">\n\t\t\t<div class=\"elementor-widget-wrap elementor-element-populated\">\n\t\t\t\t\t\t\t\t<div class=\"elementor-element elementor-element-c78cc8c elementor-widget elementor-widget-elementskit-button\" data-id=\"c78cc8c\" data-element_type=\"widget\" data-widget_type=\"elementskit-button.default\">\n\t\t\t\t<div class=\"elementor-widget-container\">\n\t\t\t<div class=\"ekit-wid-con\" >\t\t<div class=\"ekit-btn-wraper\">\n\t\t\t\t\t\t\t<a href=\"http:\/\/www.erntespezialist-deutschbauer.at\/?page_id=296\" class=\"elementskit-btn  whitespace--normal\" >\n\t\t\t\t\t\n\t\t\t\t\t\n\t\t\t\t\tLohndrusch\t\t\t\t<\/a>\n\t\t\t\t\t\t<\/div>\n        <\/div>\t\t<\/div>\n\t\t\t\t<\/div>\n\t\t\t\t\t<\/div>\n\t\t<\/div>\n\t\t\t\t<div class=\"elementor-column elementor-col-25 elementor-top-column elementor-element elementor-element-9042bac\" data-id=\"9042bac\" data-element_type=\"column\">\n\t\t\t<div class=\"elementor-widget-wrap elementor-element-populated\">\n\t\t\t\t\t\t\t\t<div class=\"elementor-element elementor-element-436b790 elementor-widget elementor-widget-elementskit-button\" data-id=\"436b790\" data-element_type=\"widget\" data-widget_type=\"elementskit-button.default\">\n\t\t\t\t<div class=\"elementor-widget-container\">\n\t\t\t<div class=\"ekit-wid-con\" >\t\t<div class=\"ekit-btn-wraper\">\n\t\t\t\t\t\t\t<a href=\"http:\/\/www.erntespezialist-deutschbauer.at\/?page_id=217\" class=\"elementskit-btn  whitespace--normal\" >\n\t\t\t\t\t\n\t\t\t\t\t\n\t\t\t\t\tH\u00e4ckseln\t\t\t\t<\/a>\n\t\t\t\t\t\t<\/div>\n        <\/div>\t\t<\/div>\n\t\t\t\t<\/div>\n\t\t\t\t\t<\/div>\n\t\t<\/div>\n\t\t\t\t<div class=\"elementor-column elementor-col-25 elementor-top-column elementor-element elementor-element-f9653d5\" data-id=\"f9653d5\" data-element_type=\"column\">\n\t\t\t<div class=\"elementor-widget-wrap elementor-element-populated\">\n\t\t\t\t\t\t\t\t<div class=\"elementor-element elementor-element-21cdffa elementor-widget elementor-widget-elementskit-button\" data-id=\"21cdffa\" data-element_type=\"widget\" data-widget_type=\"elementskit-button.default\">\n\t\t\t\t<div class=\"elementor-widget-container\">\n\t\t\t<div class=\"ekit-wid-con\" >\t\t<div class=\"ekit-btn-wraper\">\n\t\t\t\t\t\t\t<a href=\"http:\/\/www.erntespezialist-deutschbauer.at\/?page_id=252\" class=\"elementskit-btn  whitespace--normal\" >\n\t\t\t\t\t\n\t\t\t\t\t\n\t\t\t\t\tPressen\t\t\t\t<\/a>\n\t\t\t\t\t\t<\/div>\n        <\/div>\t\t<\/div>\n\t\t\t\t<\/div>\n\t\t\t\t\t<\/div>\n\t\t<\/div>\n\t\t\t\t<div class=\"elementor-column elementor-col-25 elementor-top-column elementor-element elementor-element-6f0bec0\" data-id=\"6f0bec0\" data-element_type=\"column\">\n\t\t\t<div class=\"elementor-widget-wrap elementor-element-populated\">\n\t\t\t\t\t\t\t\t<div class=\"elementor-element elementor-element-e8b2018 elementor-widget elementor-widget-elementskit-button\" data-id=\"e8b2018\" data-element_type=\"widget\" data-widget_type=\"elementskit-button.default\">\n\t\t\t\t<div class=\"elementor-widget-container\">\n\t\t\t<div class=\"ekit-wid-con\" >\t\t<div class=\"ekit-btn-wraper\">\n\t\t\t\t\t\t\t<a href=\"http:\/\/www.erntespezialist-deutschbauer.at\/?page_id=314\" class=\"elementskit-btn  whitespace--normal\" >\n\t\t\t\t\t\n\t\t\t\t\t\n\t\t\t\t\tSilo verdichten\t\t\t\t<\/a>\n\t\t\t\t\t\t<\/div>\n        <\/div>\t\t<\/div>\n\t\t\t\t<\/div>\n\t\t\t\t\t<\/div>\n\t\t<\/div>\n\t\t\t\t\t\t\t<\/div>\n\t\t<\/section>\n\t\t\t\t<section class=\"elementor-section elementor-top-section elementor-element elementor-element-45f09dc elementor-section-boxed elementor-section-height-default elementor-section-height-default\" data-id=\"45f09dc\" data-element_type=\"section\">\n\t\t\t\t\t\t<div class=\"elementor-container elementor-column-gap-default\">\n\t\t\t\t\t<div class=\"elementor-column elementor-col-100 elementor-top-column elementor-element elementor-element-6d5b71b\" data-id=\"6d5b71b\" data-element_type=\"column\">\n\t\t\t<div class=\"elementor-widget-wrap elementor-element-populated\">\n\t\t\t\t\t\t\t\t<div class=\"elementor-element elementor-element-5fc550e elementor-widget elementor-widget-text-editor\" data-id=\"5fc550e\" data-element_type=\"widget\" data-widget_type=\"text-editor.default\">\n\t\t\t\t<div class=\"elementor-widget-container\">\n\t\t\t\t\t\t\t\t<p>\u00a0<\/p><p>\u00a0<\/p><p>\u00a0<\/p><p>\u00a0<\/p><p>\u00a0<\/p><p>\u00a0<\/p><p>\u00a0<\/p><p>\u00a0<\/p><p>\u00a0<\/p><p>\u00a0<\/p><p>\u00a0<\/p><p>\u00a0<\/p><p>\u00a0<\/p><p>\u00a0<\/p><p>\u00a0<\/p><p>\u00a0<\/p><p>\u00a0<\/p><p>\u00a0<\/p><p>\u00a0<\/p><p>\u00a0<\/p><p>\u00a0<\/p><p>\u00a0<\/p><p>\u00a0<\/p><p>\u00a0<\/p>\t\t\t\t\t\t<\/div>\n\t\t\t\t<\/div>\n\t\t\t\t\t<\/div>\n\t\t<\/div>\n\t\t\t\t\t\t\t<\/div>\n\t\t<\/section>\n\t\t\t\t<section class=\"elementor-section elementor-top-section elementor-element elementor-element-d0b4348 elementor-section-boxed elementor-section-height-default elementor-section-height-default\" data-id=\"d0b4348\" data-element_type=\"section\" data-settings=\"{&quot;background_background&quot;:&quot;classic&quot;}\">\n\t\t\t\t\t\t<div class=\"elementor-container elementor-column-gap-default\">\n\t\t\t\t\t<div class=\"elementor-column elementor-col-25 elementor-top-column elementor-element elementor-element-624e34e\" data-id=\"624e34e\" data-element_type=\"column\">\n\t\t\t<div class=\"elementor-widget-wrap elementor-element-populated\">\n\t\t\t\t\t\t\t\t<div class=\"elementor-element elementor-element-78bfec0 elementor-widget elementor-widget-heading\" data-id=\"78bfec0\" data-element_type=\"widget\" data-widget_type=\"heading.default\">\n\t\t\t\t<div class=\"elementor-widget-container\">\n\t\t\t<p class=\"elementor-heading-title elementor-size-default\"><a href=\"http:\/\/www.erntespezialist-deutschbauer.at\/wp-content\/uploads\/2021\/08\/AGB_Stand-2020_04.pdf\" target=\"_blank\">AGB<\/a><\/p>\t\t<\/div>\n\t\t\t\t<\/div>\n\t\t\t\t\t<\/div>\n\t\t<\/div>\n\t\t\t\t<div class=\"elementor-column elementor-col-25 elementor-top-column elementor-element elementor-element-69d505b\" data-id=\"69d505b\" data-element_type=\"column\">\n\t\t\t<div class=\"elementor-widget-wrap elementor-element-populated\">\n\t\t\t\t\t\t\t\t<div class=\"elementor-element elementor-element-bf641a2 elementor-widget elementor-widget-heading\" data-id=\"bf641a2\" data-element_type=\"widget\" data-widget_type=\"heading.default\">\n\t\t\t\t<div class=\"elementor-widget-container\">\n\t\t\t<p class=\"elementor-heading-title elementor-size-default\"><a href=\"http:\/\/www.erntespezialist-deutschbauer.at\/wp-content\/uploads\/2021\/08\/Datenschutzerklaerung.pdf\" target=\"_blank\">Datenschutzerkl\u00e4rung<\/a><\/p>\t\t<\/div>\n\t\t\t\t<\/div>\n\t\t\t\t\t<\/div>\n\t\t<\/div>\n\t\t\t\t<div class=\"elementor-column elementor-col-25 elementor-top-column elementor-element elementor-element-838c991\" data-id=\"838c991\" data-element_type=\"column\">\n\t\t\t<div class=\"elementor-widget-wrap elementor-element-populated\">\n\t\t\t\t\t\t\t\t<div class=\"elementor-element elementor-element-414d510 elementor-widget elementor-widget-heading\" data-id=\"414d510\" data-element_type=\"widget\" data-widget_type=\"heading.default\">\n\t\t\t\t<div class=\"elementor-widget-container\">\n\t\t\t<p class=\"elementor-heading-title elementor-size-default\"><a href=\"http:\/\/www.erntespezialist-deutschbauer.at\/wp-content\/uploads\/2021\/08\/Folder.pdf\" target=\"_blank\">Folder zu unsern Leistungen<\/a><\/p>\t\t<\/div>\n\t\t\t\t<\/div>\n\t\t\t\t\t<\/div>\n\t\t<\/div>\n\t\t\t\t<div class=\"elementor-column elementor-col-25 elementor-top-column elementor-element elementor-element-74d2213\" data-id=\"74d2213\" data-element_type=\"column\">\n\t\t\t<div class=\"elementor-widget-wrap elementor-element-populated\">\n\t\t\t\t\t\t\t\t<div class=\"elementor-element elementor-element-ddcf1b5 elementor-widget elementor-widget-heading\" data-id=\"ddcf1b5\" data-element_type=\"widget\" data-widget_type=\"heading.default\">\n\t\t\t\t<div class=\"elementor-widget-container\">\n\t\t\t<p class=\"elementor-heading-title elementor-size-default\"><a href=\"https:\/\/www.facebook.com\/lohnunternehmen.deutschbauer\" target=\"_blank\">Facebook\n<\/a><\/p>\t\t<\/div>\n\t\t\t\t<\/div>\n\t\t\t\t\t<\/div>\n\t\t<\/div>\n\t\t\t\t\t\t\t<\/div>\n\t\t<\/section>\n\t\t\t\t\t\t<\/div>\n\t\t\t\t\t<\/div>\n\t\t","protected":false},"excerpt":{"rendered":"<p>\u00dcber uns Unsere Leistungen Lohndrusch H\u00e4ckseln Pressen Silo verdichten Geschichte Kontakt Jobs Verk\u00e4ufe X Unsere Leistungen Lohndrusch H\u00e4ckseln Pressen Silo verdichten \u00a0 \u00a0 \u00a0 \u00a0 \u00a0 \u00a0 \u00a0 \u00a0 \u00a0 \u00a0 \u00a0 \u00a0 \u00a0 \u00a0 \u00a0 \u00a0 \u00a0 \u00a0 \u00a0 \u00a0 \u00a0 \u00a0 \u00a0 \u00a0 AGB Datenschutzerkl\u00e4rung Folder zu unsern Leistungen Facebook<\/p>\n","protected":false},"author":1,"featured_media":0,"parent":0,"menu_order":0,"comment_status":"closed","ping_status":"closed","template":"elementor_canvas","meta":{"footnotes":""},"class_list":["post-140","page","type-page","status-publish","hentry"],"_links":{"self":[{"href":"http:\/\/www.erntespezialist-deutschbauer.at\/index.php?rest_route=\/wp\/v2\/pages\/140","targetHints":{"allow":["GET"]}}],"collection":[{"href":"http:\/\/www.erntespezialist-deutschbauer.at\/index.php?rest_route=\/wp\/v2\/pages"}],"about":[{"href":"http:\/\/www.erntespezialist-deutschbauer.at\/index.php?rest_route=\/wp\/v2\/types\/page"}],"author":[{"embeddable":true,"href":"http:\/\/www.erntespezialist-deutschbauer.at\/index.php?rest_route=\/wp\/v2\/users\/1"}],"replies":[{"embeddable":true,"href":"http:\/\/www.erntespezialist-deutschbauer.at\/index.php?rest_route=%2Fwp%2Fv2%2Fcomments&post=140"}],"version-history":[{"count":25,"href":"http:\/\/www.erntespezialist-deutschbauer.at\/index.php?rest_route=\/wp\/v2\/pages\/140\/revisions"}],"predecessor-version":[{"id":464,"href":"http:\/\/www.erntespezialist-deutschbauer.at\/index.php?rest_route=\/wp\/v2\/pages\/140\/revisions\/464"}],"wp:attachment":[{"href":"http:\/\/www.erntespezialist-deutschbauer.at\/index.php?rest_route=%2Fwp%2Fv2%2Fmedia&parent=140"}],"curies":[{"name":"wp","href":"https:\/\/api.w.org\/{rel}","templated":true}]}}